{"id":1039,"date":"2023-02-28T21:18:01","date_gmt":"2023-02-28T20:18:01","guid":{"rendered":"https:\/\/inquel.pl\/polityka-prywatnosci\/"},"modified":"2024-01-08T11:07:09","modified_gmt":"2024-01-08T10:07:09","slug":"datenschutzrichtlinie","status":"publish","type":"page","link":"https:\/\/inquel.pl\/de\/datenschutzrichtlinie\/","title":{"rendered":"Datenschutzrichtlinie"},"content":{"rendered":"\n<h2 class=\"wp-block-heading\">Wer ist der Administrator meiner pers\u00f6nlichen Daten?<\/h2>\n\n\n\n<p>Der Administrator personenbezogener Daten ist Inquel sp. z o.o. mit Sitz in Warschau (im Folgenden: Administrator oder Inquel).<\/p>\n\n\n\n<h2 class=\"wp-block-heading\">Welche personenbezogenen Daten verarbeitet der Administrator?<\/h2>\n\n\n\n<p>Inquel verarbeitet als Verantwortlicher f\u00fcr personenbezogene Daten im Sinne der DSGVO insbesondere die folgenden personenbezogenen Daten:<\/p>\n\n\n\n<ul>\n<li><strong>Pers\u00f6nliche Daten von Bewerbern<\/strong> (Daten, die Bewerber dem Administrator im Zusammenhang mit der Teilnahme an Einstellungsprozessen zur Verf\u00fcgung stellen \u2013 insbesondere im Lebenslauf enthaltene Daten);<\/li>\n\n\n\n<li><strong>Pers\u00f6nliche Daten von Auftragnehmern und deren Vertretern<\/strong> (Firmendaten* und Ansprechpartner \u2013 Grunddaten zur Ausstellung und Abrechnung von Rechnungen (Name, NIP, Gesch\u00e4ftsadresse) und Kontaktdaten (Vorname, Nachname, Firmenname, Position, E-Mail-Adresse), Telefonnummer));<\/li>\n\n\n\n<li><strong>Personen, die Anfragen \u00fcber Kontaktformulare, E-Mail und Telefon senden<\/strong> (grundlegende Kontaktdaten (Vorname, Nachname, E-Mail-Adresse), die von Personen im Zusammenhang mit Fragen an den Administrator bereitgestellt werden);<\/li>\n\n\n\n<li><strong>Personen, die den Newsletter-Dienst abonniert haben<\/strong> (Name und E-Mail-Adresse, die die Person bei der Anmeldung zum Newsletter angegeben hat).<\/li>\n<\/ul>\n\n\n\n<p>&#8211; Unternehmensdaten werden nur dann als personenbezogene Daten behandelt, wenn sie die Identifizierung der sie betreffenden Personen erm\u00f6glichen. Daten von Kapitalgesellschaften werden nicht als personenbezogene Daten behandelt.<\/p>\n\n\n\n<h2 class=\"wp-block-heading\">Nach welchen Grunds\u00e4tzen verarbeitet der Administrator meine personenbezogenen Daten?<\/h2>\n\n\n\n<p>Nachfolgend werden die Grunds\u00e4tze der Verarbeitung Ihrer personenbezogenen Daten dargelegt (insbesondere wird erl\u00e4utert, wer Zugriff auf diese Daten hat, wie lange diese gespeichert werden und aus welchen Gr\u00fcnden sie verarbeitet werden).<\/p>\n\n\n\n<p><strong>Pers\u00f6nliche Daten von Bewerbern<\/strong><\/p>\n\n\n\n<ul>\n<li><strong>Zwecke und Grundlage der Datenverarbeitung: <\/strong>Die Verarbeitung Ihrer personenbezogenen Daten erfolgt f\u00fcr die Zwecke des Einstellungsverfahrens oder auch f\u00fcr die Zwecke k\u00fcnftiger Einstellungsverfahren, sofern Sie dazu Ihre Einwilligung erteilen (Grundlage f\u00fcr die Verarbeitung dieser Daten sind die geltenden gesetzlichen Bestimmungen (in (insbesondere das Arbeitsgesetzbuch) und Ihre Einwilligung)<\/li>\n\n\n\n<li><strong>Datenempf\u00e4nger: <\/strong>Diese Daten k\u00f6nnen den gesetzlich berechtigten Stellen zur Verf\u00fcgung gestellt werden. Auch Unternehmen, die Inquel im Bereich IT-Dienstleistungen und Infrastruktur unterst\u00fctzen, k\u00f6nnen auf der Grundlage entsprechender Vertr\u00e4ge Zugriff auf Daten haben.<\/li>\n\n\n\n<li><strong>Speicherdauer:<\/strong> Die vom Administrator verarbeiteten personenbezogenen Daten werden bis zum Abschluss des Rekrutierungsprozesses oder bis zum Widerruf Ihrer Einwilligung im Falle der Datenverarbeitung f\u00fcr die Zwecke zuk\u00fcnftiger Rekrutierungsprozessen gespeichert.<\/li>\n\n\n\n<li><strong>\u00dcbermittlung von Daten au\u00dferhalb des EWR:<\/strong> Inquel beabsichtigt nicht, personenbezogene Daten an Drittl\u00e4nder (d. h. L\u00e4nder au\u00dferhalb des Europ\u00e4ischen Wirtschaftsraums) oder an internationale Organisationen zu \u00fcbermitteln.<\/li>\n\n\n\n<li><strong>Automatisierte Entscheidungsfindung\/Profiling:<\/strong> Inquel trifft keine Entscheidungen auf der Grundlage automatisierter Verarbeitung, einschlie\u00dflich Profiling (in Bezug auf die oben beschriebenen Datenverarbeitungszwecke).<\/li>\n\n\n\n<li><strong>Freiwilligkeit\/Pflicht zur Bereitstellung von Daten: <\/strong>Die Bereitstellung personenbezogener Daten ist im gesetzlich vorgeschriebenen Umfang, insbesondere im Arbeitsgesetzbuch, verpflichtend, ansonsten freiwillig.<\/li>\n<\/ul>\n\n\n\n<h2 class=\"wp-block-heading\"><strong>Pers\u00f6nliche Daten von Auftragnehmern und ihren Vertretern<\/strong><\/h2>\n\n\n\n<p><strong>Zwecke und Grundlage der Datenverarbeitung: Personenbezogene Daten von Auftragnehmern werden verarbeitet:<\/strong><\/p>\n\n\n\n<ul>\n<li>zum Zwecke der Abwicklung der zwischen den Parteien geschlossenen Vertr\u00e4ge (Art. 6 Abs. 1 lit. b DSGVO);<\/li>\n\n\n\n<li>zur Erf\u00fcllung der Pflichten des Administrators nach geltendem Recht, insbesondere im Bereich der Ausstellung und Aufbewahrung von Mehrwertsteuerrechnungen (Artikel 6 Absatz 1 Buchstabe c der DSGVO);<\/li>\n\n\n\n<li>zum Zweck einer m\u00f6glichen Untersuchung und Abwehr von Anspr\u00fcchen, was das berechtigte Interesse des Administrators darstellt (Artikel 6 Absatz 1 Buchstabe f der DSGVO).<\/li>\n<\/ul>\n\n\n\n<p>Es werden personenbezogene Daten von Auftragnehmervertretern verarbeitet:<\/p>\n\n\n\n<ul>\n<li>zu Kontaktzwecken, einschlie\u00dflich des Zwecks der Herstellung und Durchf\u00fchrung von Gesch\u00e4ftskontakten, was das berechtigte Interesse des Administrators darstellt (Artikel 6 Absatz 1 Buchstabe f der DSGVO);<\/li>\n<\/ul>\n\n\n\n<ul>\n<li>zur Erf\u00fcllung der Pflichten des Administrators nach geltendem Recht, insbesondere im Bereich der Ausstellung und Aufbewahrung von Mehrwertsteuerrechnungen (Artikel 6 Absatz 1 Buchstabe c der DSGVO);<\/li>\n\n\n\n<li>zum Zweck einer m\u00f6glichen Untersuchung und Abwehr von Anspr\u00fcchen, was das berechtigte Interesse des Administrators darstellt (Artikel 6 Absatz 1 Buchstabe f der DSGVO).<\/li>\n\n\n\n<li><strong>Datenempf\u00e4nger:<\/strong> Diese Daten k\u00f6nnen den gesetzlich berechtigten Stellen zur Verf\u00fcgung gestellt werden. Auch Unternehmen, die Inquel im Bereich IT-Dienstleistungen unterst\u00fctzen (insbesondere Hosting-Anbieter), k\u00f6nnen auf Grundlage entsprechender Vertr\u00e4ge Zugriff auf Daten erhalten.<\/li>\n\n\n\n<li><strong>Speicherdauer:<\/strong> Personenbezogene Daten von Auftragnehmern und deren Vertretern werden f\u00fcr den nach geltendem Recht erforderlichen Zeitraum gespeichert. Die zum Zwecke der Gesch\u00e4ftsabwicklung verarbeiteten Kontaktdaten der Vertreter des Auftragnehmers werden bis zum Widerspruch gegen die Datenverarbeitung gespeichert.<\/li>\n\n\n\n<li><strong>\u00dcbermittlung von Daten au\u00dferhalb des EWR:<\/strong> Inquel beabsichtigt nicht, personenbezogene Daten an Drittl\u00e4nder (d. h. L\u00e4nder au\u00dferhalb des Europ\u00e4ischen Wirtschaftsraums) oder an internationale Organisationen zu \u00fcbermitteln.<\/li>\n<\/ul>\n\n\n\n<ul>\n<li><strong>Automatisierte Entscheidungsfindung\/Profiling: <\/strong>Inquel trifft keine Entscheidungen auf der Grundlage automatisierter Verarbeitung, einschlie\u00dflich Profiling (in Bezug auf die oben beschriebenen Datenverarbeitungszwecke).<\/li>\n\n\n\n<li><strong>Freiwilligkeit\/Pflicht zur Bereitstellung von Daten: <\/strong>Die Bereitstellung personenbezogener Daten ist freiwillig, aber f\u00fcr die Durchf\u00fchrung von Gesch\u00e4ftskontakten mit Inquel und die Umsetzung von Vertr\u00e4gen zwischen den Parteien erforderlich.<\/li>\n<\/ul>\n\n\n\n<p><strong>Personen, die Anfragen \u00fcber Kontaktformulare, E-Mail und Telefon senden<\/strong><\/p>\n\n\n\n<ul>\n<li><strong>Zwecke und Grundlage der Datenverarbeitung:<\/strong> Personenbezogene Daten werden zum Zwecke der Durchf\u00fchrung der elektronischen Korrespondenz und der Durchf\u00fchrung der auf Ihren Wunsch hin ergriffenen Ma\u00dfnahmen verarbeitet (Grundlage der Datenverarbeitung ist das berechtigte Interesse des Datenverantwortlichen, der die elektronische Korrespondenz f\u00fchrt und die ergriffenen Ma\u00dfnahmen durchf\u00fchrt). auf Anfrage der betroffenen Personen).<\/li>\n\n\n\n<li><strong>Datenempf\u00e4nger:<\/strong> Diese Daten k\u00f6nnen den gesetzlich berechtigten Stellen zur Verf\u00fcgung gestellt werden. Der Zugriff auf Daten auf der Grundlage entsprechender Vertr\u00e4ge kann auch Infrastruktur- und IT-Dienstleistern gew\u00e4hrt werden, die Daten im Auftrag von Inquel verarbeiten.<\/li>\n<\/ul>\n\n\n\n<ul>\n<li><strong>Speicherdauer:<\/strong> Die vom Administrator verarbeiteten personenbezogenen Daten werden f\u00fcr den Zeitraum der elektronischen Korrespondenz und anschlie\u00dfend f\u00fcr Archivierungszwecke f\u00fcr den in den Anweisungen des Administrators angegebenen Zeitraum gespeichert.<\/li>\n\n\n\n<li><strong>\u00dcbermittlung von Daten au\u00dferhalb des EWR:<\/strong> Inquel beabsichtigt nicht, personenbezogene Daten an Drittl\u00e4nder (d. h. L\u00e4nder au\u00dferhalb des Europ\u00e4ischen Wirtschaftsraums) oder an internationale Organisationen zu \u00fcbermitteln.<\/li>\n\n\n\n<li><strong>Automatisierte Entscheidungsfindung\/Profiling:<\/strong> Inquel trifft keine Entscheidungen auf der Grundlage automatisierter Verarbeitung, einschlie\u00dflich Profiling (in Bezug auf die oben beschriebenen Datenverarbeitungszwecke).<\/li>\n\n\n\n<li><strong>Freiwilligkeit\/Pflicht zur Bereitstellung von Daten:<\/strong> Die Angabe personenbezogener Daten ist freiwillig, aber f\u00fcr den Austausch elektronischer Korrespondenz oder die Bearbeitung Ihrer Anfrage erforderlich.<\/li>\n<\/ul>\n\n\n\n<p><strong>Personen, die den Newsletter-Dienst abonniert haben<\/strong><\/p>\n\n\n\n<ul>\n<li><strong>Zwecke und Grundlage der Datenverarbeitung: <\/strong>Ihre personenbezogenen Daten werden zu Marketingzwecken verarbeitet \u2013 Zusendung von kommerziellen Informationen an die angegebene E-Mail-Adresse (gem\u00e4\u00df Artikel 6 Absatz 1 Buchstabe f) \u2013 das berechtigte Interesse des Datenverantwortlichen, das unmittelbar besteht Marketing, im Zusammenhang mit der erteilten Einwilligung zur Zusendung kommerzieller Informationen)<\/li>\n\n\n\n<li><strong>Datenempf\u00e4nger:<\/strong> Diese Daten k\u00f6nnen weitergegeben werden:<\/li>\n<\/ul>\n\n\n\n<ul>\n<li>gesetzlich zugelassene Stellen<\/li>\n\n\n\n<li>Der Zugriff auf Daten auf der Grundlage entsprechender Vertr\u00e4ge kann auch Infrastruktur- und IT-Dienstleistern (einschlie\u00dflich Hosting-Unternehmen und Unternehmen, die E-Mail-Marketing-L\u00f6sungen anbieten) gew\u00e4hrt werden, die Daten im Auftrag von Inquel verarbeiten.<\/li>\n<\/ul>\n\n\n\n<ul>\n<li><strong>Speicherdauer:<\/strong> Ihre personenbezogenen Daten werden so lange gespeichert, bis Sie der Verarbeitung widersprechen oder Ihre Einwilligung zum Erhalt kommerzieller Informationen widerrufen<\/li>\n<\/ul>\n\n\n\n<ul>\n<li><strong>Hinweis zum Profiling:<\/strong> Ihre personenbezogenen Daten werden nicht zum Profiling verwendet.<\/li>\n\n\n\n<li><strong>\u00dcbermittlung von Daten au\u00dferhalb des EWR:<\/strong> Inquel beabsichtigt nicht, personenbezogene Daten an Drittl\u00e4nder (d. h. L\u00e4nder au\u00dferhalb des Europ\u00e4ischen Wirtschaftsraums) oder an internationale Organisationen zu \u00fcbermitteln.<\/li>\n\n\n\n<li><strong>Automatisierte Entscheidungsfindung\/Profiling: <\/strong>Inquel trifft keine Entscheidungen auf der Grundlage automatisierter Verarbeitung, einschlie\u00dflich Profiling (in Bezug auf die oben beschriebenen Datenverarbeitungszwecke).<\/li>\n\n\n\n<li><strong>Freiwilligkeit\/Pflicht zur Bereitstellung von Daten:<\/strong> Die Angabe personenbezogener Daten ist freiwillig, aber f\u00fcr die Anmeldung zum NEWSLETTER-Dienst erforderlich.<\/li>\n<\/ul>\n\n\n\n<h2 class=\"wp-block-heading\">Welche Rechte habe ich hinsichtlich der Verarbeitung meiner personenbezogenen Daten durch Inquel?<\/h2>\n\n\n\n<p>Sie haben gegebenenfalls das Recht:<\/p>\n\n\n\n<ul>\n<li>Zugriff auf Ihre personenbezogenen Daten, Berichtigung, L\u00f6schung und Einschr\u00e4nkung der Verarbeitung sowie \u00dcbermittlung Ihrer personenbezogenen Daten verlangen;<\/li>\n\n\n\n<li>Ihre Einwilligung k\u00f6nnen Sie jederzeit widerrufen. Der Widerruf der Einwilligung hat keinen Einfluss auf die Rechtm\u00e4\u00dfigkeit der Verarbeitung, die auf der Grundlage der Einwilligung vor ihrem Widerruf erfolgt ist;<\/li>\n\n\n\n<li>Widerspruch gegen die Verarbeitung Ihrer personenbezogenen Daten einlegen;<\/li>\n\n\n\n<li>eine Beschwerde bei der Aufsichtsbeh\u00f6rde einreichen (PUODO \u2013 Pr\u00e4sident des Amtes f\u00fcr den Schutz personenbezogener Daten).<\/li>\n<\/ul>\n\n\n\n<h2 class=\"wp-block-heading\">Wo kann ich mich bei Fragen zur Verarbeitung meiner personenbezogenen Daten und zur Aus\u00fcbung meiner Rechte an Sie wenden?<\/h2>\n\n\n\n<p>Alle Anfragen und Stellungnahmen zu den oben genannten Punkten. Bitte richten Sie sich bitte an folgende Kontaktdaten:<\/p>\n\n\n\n<p><strong>Kontaktdaten des Datenverantwortlichen:<\/strong><\/p>\n\n\n\n<p>Inquel sp. z o.o. z siedzib\u0105 w Warszawie&nbsp;<br>ul. Minerska 7&nbsp;<br>04-506 Warszawa&nbsp;<br>e-mail: rodo@inquel.pl&nbsp;<\/p>\n\n\n\n<p>Kontaktdaten des Datenschutzbeauftragten:<\/p>\n\n\n\n<p>e-mail: <a rel=\"noreferrer noopener\" href=\"mailto:inquel@inspektor-danych.info\" target=\"_blank\">inquel@inspektor-danych.info<\/a>&nbsp;<\/p>\n\n\n\n<h2 class=\"wp-block-heading\" id=\"cookies-heading\">Informationen zu Cookies<\/h2>\n\n\n\n<p><strong>Cookies: <\/strong>Die Website https:\/\/inquel.pl\/ verwendet Cookies. Hierbei handelt es sich um kleine Dateien, die in Ihrem Webbrowser gespeichert und f\u00fcr folgende Zwecke verwendet werden:<\/p>\n\n\n\n<ul>\n<li>Optimierung \u2013 Vereinfachung der Nutzung der Website (z. B. Merken ungepr\u00fcfter Nachrichten, die auf der Website angezeigt werden)<\/li>\n<\/ul>\n\n\n\n<ul>\n<li>Analytisch \u2013 Erstellung von Statistiken, auf deren Grundlage die Website ihren Inhalt besser an die Vorlieben der Benutzer anpassen kann<\/li>\n<\/ul>\n\n\n\n<ul>\n<li>Marketing \u2013 Anzeige von Werbung f\u00fcr Nutzer, die auf ihre Pr\u00e4ferenzen zugeschnitten ist (gem\u00e4\u00df Artikel 6 Absatz 1 Buchstabe f der DSGVO) \u2013 das berechtigte Interesse des Datenverantwortlichen, n\u00e4mlich Direktmarketing \u2013 im Falle einer Einwilligung zur Verwendung von Kekse)<\/li>\n<\/ul>\n\n\n\n<p>Wenn Sie der Speicherung von Cookies auf Ihrem Ger\u00e4t nicht zustimmen, \u00e4ndern Sie bitte die Einstellungen Ihres Webbrowsers und\/oder blockieren Sie die Verwendung von Cookies von Drittanbietern, wie im Abschnitt \u201eExterne Cookies\u201c unten beschrieben.<\/p>\n\n\n\n<p>Die Einschr\u00e4nkung der Verwendung von Cookies kann Auswirkungen auf einige auf der Website https:\/\/inquel.pl\/ verf\u00fcgbare Funktionen haben.<\/p>\n\n\n\n<p>Externe Cookies: https:\/\/inquel.pl\/ verwendet Cookies\/\u00e4hnliche Technologien von den folgenden externen Unternehmen:<\/p>\n\n\n\n<p>Google Ireland Limited \u2013 Google Adwords, Google Analytics \u2013 f\u00fcr Analyse- und Werbezwecke (Anzeige von Inquel-Anzeigen im Google-Werbenetzwerk). Sie k\u00f6nnen die Nutzung Ihrer Daten in Google Analytics jederzeit hier blockieren<\/p>\n\n\n\n<p>Facebook Inc. \u2013 Facebook-Pixel \u2013 f\u00fcr Analyse- und Werbezwecke (Anzeige von Inquel-Anzeigen im Facebook-Werbenetzwerk). Die Regeln zur Verarbeitung seiner Daten, einschlie\u00dflich der Sperrung der Nutzung dieser Daten durch Facebook, kann der Nutzer jederzeit hier einsehen.<\/p>\n\n\n\n<p>LinkedIn Corporation \u2013 Linkedin Ads \u2013 f\u00fcr Analyse- und Werbezwecke (Anzeige von Inquel-Anzeigen im Linkedin-Werbenetzwerk). Die Regeln zur Verarbeitung seiner Daten, einschlie\u00dflich der Sperrung der Nutzung dieser Daten durch Linkedin, kann der Nutzer jederzeit hier einsehen<\/p>\n\n\n\n<p>Die oben genannten L\u00f6sungen dienen der Anpassung von Werbung an Nutzerpr\u00e4ferenzen und zu Analysezwecken. Mit diesen L\u00f6sungen k\u00f6nnen Sie die Aktivit\u00e4ten der Benutzer innerhalb der Website verfolgen (z. B. Anzeigen einer bestimmten Unterseite innerhalb der Website). Auf dieser Grundlage k\u00f6nnen dem Nutzer Inquel-Anzeigen innerhalb des Google-\/Facebook-\/Linkedin-Werbenetzwerks angezeigt werden.<\/p>\n\n\n\n<p>Weitere Informationen zu Cookies finden Sie im Abschnitt \u201eHilfe\u201c im Men\u00fc Ihres Webbrowsers.<\/p>\n","protected":false},"excerpt":{"rendered":"<p>Wer ist der Administrator meiner pers\u00f6nlichen Daten? Der Administrator personenbezogener Daten ist Inquel sp. z o.o. mit Sitz in Warschau (im Folgenden: Administrator oder Inquel). Welche personenbezogenen Daten verarbeitet der Administrator? Inquel verarbeitet als Verantwortlicher f\u00fcr personenbezogene Daten im Sinne der DSGVO insbesondere die folgenden personenbezogenen Daten: &#8211; Unternehmensdaten werden nur dann als personenbezogene Daten [&hellip;]<\/p>\n","protected":false},"author":1,"featured_media":0,"parent":0,"menu_order":0,"comment_status":"closed","ping_status":"open","template":"","meta":{"inline_featured_image":false,"footnotes":""},"acf":[],"yoast_head":"<!-- This site is optimized with the Yoast SEO plugin v21.9.1 - https:\/\/yoast.com\/wordpress\/plugins\/seo\/ -->\n<title>Datenschutzrichtlinie | Inquel<\/title>\n<meta name=\"description\" content=\"Wer ist der Administrator meiner pers\u00f6nlichen Daten? Der Administrator personenbezogener Daten ist Inquel sp. z o.o. mit Sitz in Warschau (im Folgenden:\" \/>\n<meta name=\"robots\" content=\"noindex, follow\" \/>\n<meta property=\"og:locale\" content=\"de_DE\" \/>\n<meta property=\"og:type\" content=\"article\" \/>\n<meta property=\"og:title\" content=\"Datenschutzrichtlinie | Inquel\" \/>\n<meta property=\"og:description\" content=\"Wer ist der Administrator meiner pers\u00f6nlichen Daten? Der Administrator personenbezogener Daten ist Inquel sp. z o.o. mit Sitz in Warschau (im Folgenden:\" \/>\n<meta property=\"og:url\" content=\"https:\/\/inquel.pl\/de\/datenschutzrichtlinie\/\" \/>\n<meta property=\"og:site_name\" content=\"Inquel\" \/>\n<meta property=\"article:publisher\" content=\"https:\/\/www.facebook.com\/inquelrnd\/\" \/>\n<meta property=\"article:modified_time\" content=\"2024-01-08T10:07:09+00:00\" \/>\n<meta property=\"og:image\" content=\"https:\/\/inquel.pl\/wp-content\/uploads\/2023\/03\/Inquel_logo_simple-01.png\" \/>\n\t<meta property=\"og:image:width\" content=\"450\" \/>\n\t<meta property=\"og:image:height\" content=\"90\" \/>\n\t<meta property=\"og:image:type\" content=\"image\/png\" \/>\n<meta name=\"twitter:card\" content=\"summary_large_image\" \/>\n<meta name=\"twitter:label1\" content=\"Gesch\u00e4tzte Lesezeit\" \/>\n\t<meta name=\"twitter:data1\" content=\"10 Minuten\" \/>\n<script type=\"application\/ld+json\" class=\"yoast-schema-graph\">{\"@context\":\"https:\/\/schema.org\",\"@graph\":[{\"@type\":\"WebPage\",\"@id\":\"https:\/\/inquel.pl\/de\/datenschutzrichtlinie\/\",\"url\":\"https:\/\/inquel.pl\/de\/datenschutzrichtlinie\/\",\"name\":\"Datenschutzrichtlinie | Inquel\",\"isPartOf\":{\"@id\":\"https:\/\/inquel.pl\/#website\"},\"datePublished\":\"2023-02-28T20:18:01+00:00\",\"dateModified\":\"2024-01-08T10:07:09+00:00\",\"description\":\"Wer ist der Administrator meiner pers\u00f6nlichen Daten? Der Administrator personenbezogener Daten ist Inquel sp. z o.o. mit Sitz in Warschau (im Folgenden:\",\"inLanguage\":\"de-DE\",\"potentialAction\":[{\"@type\":\"ReadAction\",\"target\":[\"https:\/\/inquel.pl\/de\/datenschutzrichtlinie\/\"]}]},{\"@type\":\"WebSite\",\"@id\":\"https:\/\/inquel.pl\/#website\",\"url\":\"https:\/\/inquel.pl\/\",\"name\":\"Inquel.pl\",\"description\":\"projekt - prototyp - produkcja\",\"publisher\":{\"@id\":\"https:\/\/inquel.pl\/#organization\"},\"potentialAction\":[{\"@type\":\"SearchAction\",\"target\":{\"@type\":\"EntryPoint\",\"urlTemplate\":\"https:\/\/inquel.pl\/?s={search_term_string}\"},\"query-input\":\"required name=search_term_string\"}],\"inLanguage\":\"de-DE\"},{\"@type\":\"Organization\",\"@id\":\"https:\/\/inquel.pl\/#organization\",\"name\":\"Inquel.pl\",\"url\":\"https:\/\/inquel.pl\/\",\"logo\":{\"@type\":\"ImageObject\",\"inLanguage\":\"de-DE\",\"@id\":\"https:\/\/inquel.pl\/#\/schema\/logo\/image\/\",\"url\":\"https:\/\/inquel.pl\/wp-content\/uploads\/2023\/03\/Inquel_logo_simple-01.png\",\"contentUrl\":\"https:\/\/inquel.pl\/wp-content\/uploads\/2023\/03\/Inquel_logo_simple-01.png\",\"width\":450,\"height\":90,\"caption\":\"Inquel.pl\"},\"image\":{\"@id\":\"https:\/\/inquel.pl\/#\/schema\/logo\/image\/\"},\"sameAs\":[\"https:\/\/www.facebook.com\/inquelrnd\/\",\"https:\/\/www.linkedin.com\/company\/inquel\/\",\"https:\/\/open.spotify.com\/show\/7E3sBfehgbfxu36tvT8jOr?si=7cc602a462744b30\",\"https:\/\/www.youtube.com\/@inquelPL\"]}]}<\/script>\n<!-- \/ Yoast SEO plugin. -->","yoast_head_json":{"title":"Datenschutzrichtlinie | Inquel","description":"Wer ist der Administrator meiner pers\u00f6nlichen Daten? Der Administrator personenbezogener Daten ist Inquel sp. z o.o. mit Sitz in Warschau (im Folgenden:","robots":{"index":"noindex","follow":"follow"},"og_locale":"de_DE","og_type":"article","og_title":"Datenschutzrichtlinie | Inquel","og_description":"Wer ist der Administrator meiner pers\u00f6nlichen Daten? Der Administrator personenbezogener Daten ist Inquel sp. z o.o. mit Sitz in Warschau (im Folgenden:","og_url":"https:\/\/inquel.pl\/de\/datenschutzrichtlinie\/","og_site_name":"Inquel","article_publisher":"https:\/\/www.facebook.com\/inquelrnd\/","article_modified_time":"2024-01-08T10:07:09+00:00","og_image":[{"width":450,"height":90,"url":"https:\/\/inquel.pl\/wp-content\/uploads\/2023\/03\/Inquel_logo_simple-01.png","type":"image\/png"}],"twitter_card":"summary_large_image","twitter_misc":{"Gesch\u00e4tzte Lesezeit":"10 Minuten"},"schema":{"@context":"https:\/\/schema.org","@graph":[{"@type":"WebPage","@id":"https:\/\/inquel.pl\/de\/datenschutzrichtlinie\/","url":"https:\/\/inquel.pl\/de\/datenschutzrichtlinie\/","name":"Datenschutzrichtlinie | Inquel","isPartOf":{"@id":"https:\/\/inquel.pl\/#website"},"datePublished":"2023-02-28T20:18:01+00:00","dateModified":"2024-01-08T10:07:09+00:00","description":"Wer ist der Administrator meiner pers\u00f6nlichen Daten? Der Administrator personenbezogener Daten ist Inquel sp. z o.o. mit Sitz in Warschau (im Folgenden:","inLanguage":"de-DE","potentialAction":[{"@type":"ReadAction","target":["https:\/\/inquel.pl\/de\/datenschutzrichtlinie\/"]}]},{"@type":"WebSite","@id":"https:\/\/inquel.pl\/#website","url":"https:\/\/inquel.pl\/","name":"Inquel.pl","description":"projekt - prototyp - produkcja","publisher":{"@id":"https:\/\/inquel.pl\/#organization"},"potentialAction":[{"@type":"SearchAction","target":{"@type":"EntryPoint","urlTemplate":"https:\/\/inquel.pl\/?s={search_term_string}"},"query-input":"required name=search_term_string"}],"inLanguage":"de-DE"},{"@type":"Organization","@id":"https:\/\/inquel.pl\/#organization","name":"Inquel.pl","url":"https:\/\/inquel.pl\/","logo":{"@type":"ImageObject","inLanguage":"de-DE","@id":"https:\/\/inquel.pl\/#\/schema\/logo\/image\/","url":"https:\/\/inquel.pl\/wp-content\/uploads\/2023\/03\/Inquel_logo_simple-01.png","contentUrl":"https:\/\/inquel.pl\/wp-content\/uploads\/2023\/03\/Inquel_logo_simple-01.png","width":450,"height":90,"caption":"Inquel.pl"},"image":{"@id":"https:\/\/inquel.pl\/#\/schema\/logo\/image\/"},"sameAs":["https:\/\/www.facebook.com\/inquelrnd\/","https:\/\/www.linkedin.com\/company\/inquel\/","https:\/\/open.spotify.com\/show\/7E3sBfehgbfxu36tvT8jOr?si=7cc602a462744b30","https:\/\/www.youtube.com\/@inquelPL"]}]}},"_links":{"self":[{"href":"https:\/\/inquel.pl\/de\/wp-json\/wp\/v2\/pages\/1039"}],"collection":[{"href":"https:\/\/inquel.pl\/de\/wp-json\/wp\/v2\/pages"}],"about":[{"href":"https:\/\/inquel.pl\/de\/wp-json\/wp\/v2\/types\/page"}],"author":[{"embeddable":true,"href":"https:\/\/inquel.pl\/de\/wp-json\/wp\/v2\/users\/1"}],"replies":[{"embeddable":true,"href":"https:\/\/inquel.pl\/de\/wp-json\/wp\/v2\/comments?post=1039"}],"version-history":[{"count":1,"href":"https:\/\/inquel.pl\/de\/wp-json\/wp\/v2\/pages\/1039\/revisions"}],"predecessor-version":[{"id":1041,"href":"https:\/\/inquel.pl\/de\/wp-json\/wp\/v2\/pages\/1039\/revisions\/1041"}],"wp:attachment":[{"href":"https:\/\/inquel.pl\/de\/wp-json\/wp\/v2\/media?parent=1039"}],"curies":[{"name":"wp","href":"https:\/\/api.w.org\/{rel}","templated":true}]}}